{"id":2700,"date":"2024-11-22T00:10:11","date_gmt":"2024-11-22T00:10:11","guid":{"rendered":"https:\/\/www.rusiko.pl\/?page_id=2700"},"modified":"2025-12-19T10:50:40","modified_gmt":"2025-12-19T10:50:40","slug":"wines-rose","status":"publish","type":"page","link":"https:\/\/www.rusiko.pl\/en\/menu\/wines-rose\/","title":{"rendered":"Wines Rose"},"content":{"rendered":"<section id=\"menu\">\r\n  <div class=\"container\">\r\n    <div class=\"row\" id=\"menu_load\">\r\n      <div class=\"row\">\r\n        <div class=\"col-sm-12 hmenu\">\r\n          <h1>Dry Rose Wines From Our Vineyard<\/h1><\/div>\r\n      <\/div>\r\n      <div class=\"row\">\r\n        <div class=\"col-md-6 col-sm-12 menu-rest pad\">\r\n          <div class=\"item-menu item-menu-style\">\r\n            <div class=\"crd\">\r\n              <h3>\u10d5\u10d0\u10e0\u10d3\u10d8\u10e1\u10e4\u10d4\u10e0\u10d8 \u10e0\u10e5\u10d0\u10ec\u10d8\u10d7\u10d4\u10da\u10d8 2023<\/h3>\r\n              <hr class=\"hrbt\">\r\n              <div class=\"row\">\r\n                <div class=\"col-xs-4\" style=\"padding-right: 6px;\">\r\n                  <img class=\"img-responsive center-block\" src=\"\/wp-content\/uploads\/2024\/11\/rkatsiteli-rose.jpg\"\r\n                       alt=\"Khikhvi 2022\">\r\n                <\/div>\r\n                <div class=\"col-xs-8\" style=\"padding-left: 6px;\">\r\n                  <div>\r\n                    <h4>Rkatsiteli Rose 2023<\/h4><\/div>\r\n                  <div class=\"dcena-multi\">\r\n                    <div style=\"float: left;\"><span class=\"opt\">125ml<\/span><\/div>\r\n                    <div style=\"float: right;\"><span class=\"opt s-cena\">41 z\u0142<\/span><\/div>\r\n                    <div style=\"clear: both\"><\/div>\r\n                  <\/div>\r\n                  <div class=\"dcena-multi\">\r\n                    <div style=\"float: left;\"><span class=\"opt\">750ml<\/span><\/div>\r\n                    <div style=\"float: right;\"><span class=\"opt s-cena\">230 z\u0142<\/span><\/div>\r\n                    <div style=\"clear: both\"><\/div>\r\n                  <\/div>\r\n                  <div>\r\n                    <p>Region: Georgia, Archilos Kalo<\/br>\r\nNatural ros\u00e9 wine with fresh aromas of strawberries, wild strawberries, grapefruit and notes of vanilla, nutmeg and spices. Perfect for summer afternoons and romantic sunsets. Every drop is a ray of joy in the glass.\r\n                    <\/p>\r\n                  <\/div>\r\n                <\/div>\r\n              <\/div>\r\n            <\/div>\r\n          <\/div>\r\n        <\/div>\r\n        <div class=\"col-md-6 col-sm-12 menu-rest pad\">\r\n          <div class=\"item-menu item-menu-style\">\r\n            <div class=\"crd\">\r\n              <h3>\u10d5\u10d0\u10e0\u10d3\u10d8\u10e1\u10e4\u10d4\u10e0\u10d8 \u10e0\u10e5\u10d0\u10ec\u10d8\u10d7\u10d4\u10da\u10d8 2024<\/h3>\r\n              <hr class=\"hrbt\">\r\n              <div class=\"row\">\r\n                <div class=\"col-xs-4\" style=\"padding-right: 6px;\">\r\n                  <img class=\"img-responsive center-block\" src=\"\/wp-content\/uploads\/2025\/12\/rkatsiteli-rose-2024.jpg\"\r\n                       alt=\"Rkatsiteli Ros\u00e9 2024\">\r\n                <\/div>\r\n                <div class=\"col-xs-8\" style=\"padding-left: 6px;\">\r\n                  <div>\r\n                    <h4>Rkatsiteli Rose 2024<\/h4><\/div>\r\n                  <div class=\"dcena-multi\">\r\n                    <div style=\"float: left;\"><span class=\"opt\">125ml<\/span><\/div>\r\n                    <div style=\"float: right;\"><span class=\"opt s-cena\">41 z\u0142<\/span><\/div>\r\n                    <div style=\"clear: both\"><\/div>\r\n                  <\/div>\r\n                  <div class=\"dcena-multi\">\r\n                    <div style=\"float: left;\"><span class=\"opt\">750ml<\/span><\/div>\r\n                    <div style=\"float: right;\"><span class=\"opt s-cena\">230 z\u0142<\/span><\/div>\r\n                    <div style=\"clear: both\"><\/div>\r\n                  <\/div>\r\n                  <div>\r\n                    <p>Region: Georgia, Archilos Kalo<\/br>\r\nA unique grape variety from Archilos Kalo in Kachetia. Unfiltered natural wine with aromas of strawberries, wild strawberries, red grapefruit, vanilla, muscat, and subtle spice. Perfect to enjoy in the sun and amidst nature. I dedicate this wine to my beloved Olga.\r\n                    <\/p>\r\n                  <\/div>\r\n                <\/div>\r\n              <\/div>\r\n            <\/div>\r\n          <\/div>\r\n        <\/div>\r\n      <\/div>\r\n      <\/div>\r\n    <\/div>\r\n<\/section>","protected":false},"excerpt":{"rendered":"<p>Dry Rose Wines From Our Vineyard \u10d5\u10d0\u10e0\u10d3\u10d8\u10e1\u10e4\u10d4\u10e0\u10d8 \u10e0\u10e5\u10d0\u10ec\u10d8\u10d7\u10d4\u10da\u10d8 2023 Rkatsiteli Rose 2023 125ml 41 z\u0142 750ml 230 z\u0142 Region: Georgia, Archilos Kalo Natural ros\u00e9 wine with fresh aromas of strawberries, wild strawberries, grapefruit and notes of vanilla, nutmeg and spices. Perfect for summer afternoons and romantic sunsets. Every drop is a ray of joy in&nbsp; <a href=\"https:\/\/www.rusiko.pl\/en\/menu\/wines-rose\/\">&hellip; Read more <i class=\"fa fa-arrow-right\"><\/i><\/a><\/p>\n","protected":false},"author":3,"featured_media":0,"parent":152,"menu_order":0,"comment_status":"closed","ping_status":"closed","template":"","meta":[],"yoast_head":"<!-- This site is optimized with the Yoast SEO plugin v19.8 - https:\/\/yoast.com\/wordpress\/plugins\/seo\/ -->\n<title>Rusiko - Wines Rose<\/title>\n<meta name=\"description\" content=\"Rusiko - georgian wine: Rkatsiteli Rose Marani Elizbar 1918 2023\" \/>\n<meta name=\"robots\" content=\"index, follow, max-snippet:-1, max-image-preview:large, max-video-preview:-1\" \/>\n<link rel=\"canonical\" href=\"https:\/\/www.rusiko.pl\/en\/wines-rose\/\" \/>\n<meta property=\"og:locale\" content=\"en_US\" \/>\n<meta property=\"og:type\" content=\"article\" \/>\n<meta property=\"og:title\" content=\"Rusiko - Wines Rose\" \/>\n<meta property=\"og:description\" content=\"Rusiko - georgian wine: Rkatsiteli Rose Marani Elizbar 1918 2023\" \/>\n<meta property=\"og:url\" content=\"https:\/\/www.rusiko.pl\/en\/wines-rose\/\" \/>\n<meta property=\"og:site_name\" content=\"Rusiko\" \/>\n<meta property=\"article:modified_time\" content=\"2025-12-19T10:50:40+00:00\" \/>\n<meta name=\"twitter:card\" content=\"summary_large_image\" \/>\n<meta name=\"twitter:label1\" content=\"Est. reading time\" \/>\n\t<meta name=\"twitter:data1\" content=\"1 minute\" \/>\n<script type=\"application\/ld+json\" class=\"yoast-schema-graph\">{\"@context\":\"https:\/\/schema.org\",\"@graph\":[{\"@type\":\"WebPage\",\"@id\":\"https:\/\/www.rusiko.pl\/en\/wines-rose\/\",\"url\":\"https:\/\/www.rusiko.pl\/en\/wines-rose\/\",\"name\":\"Rusiko - Wines Rose\",\"isPartOf\":{\"@id\":\"https:\/\/www.rusiko.pl\/#website\"},\"datePublished\":\"2024-11-22T00:10:11+00:00\",\"dateModified\":\"2025-12-19T10:50:40+00:00\",\"description\":\"Rusiko - georgian wine: Rkatsiteli Rose Marani Elizbar 1918 2023\",\"breadcrumb\":{\"@id\":\"https:\/\/www.rusiko.pl\/en\/wines-rose\/#breadcrumb\"},\"inLanguage\":\"en-US\",\"potentialAction\":[{\"@type\":\"ReadAction\",\"target\":[\"https:\/\/www.rusiko.pl\/en\/wines-rose\/\"]}]},{\"@type\":\"BreadcrumbList\",\"@id\":\"https:\/\/www.rusiko.pl\/en\/wines-rose\/#breadcrumb\",\"itemListElement\":[{\"@type\":\"ListItem\",\"position\":1,\"name\":\"Strona g\u0142\u00f3wna\",\"item\":\"https:\/\/www.rusiko.pl\/en\/\"},{\"@type\":\"ListItem\",\"position\":2,\"name\":\"Wines Rose\"}]},{\"@type\":\"WebSite\",\"@id\":\"https:\/\/www.rusiko.pl\/#website\",\"url\":\"https:\/\/www.rusiko.pl\/\",\"name\":\"Rusiko\",\"description\":\"Rusiko - restauracja, gruzi\u0144ska kuchnia, wino i r\u0119cznie tkane dywany. Warszawa, ul. Wierzbowa 11\",\"potentialAction\":[{\"@type\":\"SearchAction\",\"target\":{\"@type\":\"EntryPoint\",\"urlTemplate\":\"https:\/\/www.rusiko.pl\/?s={search_term_string}\"},\"query-input\":\"required name=search_term_string\"}],\"inLanguage\":\"en-US\"}]}<\/script>\n<!-- \/ Yoast SEO plugin. -->","yoast_head_json":{"title":"Rusiko - Wines Rose","description":"Rusiko - georgian wine: Rkatsiteli Rose Marani Elizbar 1918 2023","robots":{"index":"index","follow":"follow","max-snippet":"max-snippet:-1","max-image-preview":"max-image-preview:large","max-video-preview":"max-video-preview:-1"},"canonical":"https:\/\/www.rusiko.pl\/en\/wines-rose\/","og_locale":"en_US","og_type":"article","og_title":"Rusiko - Wines Rose","og_description":"Rusiko - georgian wine: Rkatsiteli Rose Marani Elizbar 1918 2023","og_url":"https:\/\/www.rusiko.pl\/en\/wines-rose\/","og_site_name":"Rusiko","article_modified_time":"2025-12-19T10:50:40+00:00","twitter_card":"summary_large_image","twitter_misc":{"Est. reading time":"1 minute"},"schema":{"@context":"https:\/\/schema.org","@graph":[{"@type":"WebPage","@id":"https:\/\/www.rusiko.pl\/en\/wines-rose\/","url":"https:\/\/www.rusiko.pl\/en\/wines-rose\/","name":"Rusiko - Wines Rose","isPartOf":{"@id":"https:\/\/www.rusiko.pl\/#website"},"datePublished":"2024-11-22T00:10:11+00:00","dateModified":"2025-12-19T10:50:40+00:00","description":"Rusiko - georgian wine: Rkatsiteli Rose Marani Elizbar 1918 2023","breadcrumb":{"@id":"https:\/\/www.rusiko.pl\/en\/wines-rose\/#breadcrumb"},"inLanguage":"en-US","potentialAction":[{"@type":"ReadAction","target":["https:\/\/www.rusiko.pl\/en\/wines-rose\/"]}]},{"@type":"BreadcrumbList","@id":"https:\/\/www.rusiko.pl\/en\/wines-rose\/#breadcrumb","itemListElement":[{"@type":"ListItem","position":1,"name":"Strona g\u0142\u00f3wna","item":"https:\/\/www.rusiko.pl\/en\/"},{"@type":"ListItem","position":2,"name":"Wines Rose"}]},{"@type":"WebSite","@id":"https:\/\/www.rusiko.pl\/#website","url":"https:\/\/www.rusiko.pl\/","name":"Rusiko","description":"Rusiko - restauracja, gruzi\u0144ska kuchnia, wino i r\u0119cznie tkane dywany. Warszawa, ul. Wierzbowa 11","potentialAction":[{"@type":"SearchAction","target":{"@type":"EntryPoint","urlTemplate":"https:\/\/www.rusiko.pl\/?s={search_term_string}"},"query-input":"required name=search_term_string"}],"inLanguage":"en-US"}]}},"_links":{"self":[{"href":"https:\/\/www.rusiko.pl\/en\/wp-json\/wp\/v2\/pages\/2700"}],"collection":[{"href":"https:\/\/www.rusiko.pl\/en\/wp-json\/wp\/v2\/pages"}],"about":[{"href":"https:\/\/www.rusiko.pl\/en\/wp-json\/wp\/v2\/types\/page"}],"author":[{"embeddable":true,"href":"https:\/\/www.rusiko.pl\/en\/wp-json\/wp\/v2\/users\/3"}],"replies":[{"embeddable":true,"href":"https:\/\/www.rusiko.pl\/en\/wp-json\/wp\/v2\/comments?post=2700"}],"version-history":[{"count":4,"href":"https:\/\/www.rusiko.pl\/en\/wp-json\/wp\/v2\/pages\/2700\/revisions"}],"predecessor-version":[{"id":2945,"href":"https:\/\/www.rusiko.pl\/en\/wp-json\/wp\/v2\/pages\/2700\/revisions\/2945"}],"up":[{"embeddable":true,"href":"https:\/\/www.rusiko.pl\/en\/wp-json\/wp\/v2\/pages\/152"}],"wp:attachment":[{"href":"https:\/\/www.rusiko.pl\/en\/wp-json\/wp\/v2\/media?parent=2700"}],"curies":[{"name":"wp","href":"https:\/\/api.w.org\/{rel}","templated":true}]}}