{"id":152,"date":"2020-03-11T17:45:04","date_gmt":"2020-03-11T17:45:04","guid":{"rendered":"http:\/\/rosiko.spacemind.pl\/?page_id=152"},"modified":"2026-01-08T10:17:46","modified_gmt":"2026-01-08T10:17:46","slug":"menu","status":"publish","type":"page","link":"https:\/\/www.rusiko.pl\/en\/menu\/","title":{"rendered":"Menu"},"content":{"rendered":"<section id=\"menu\">\r\n  <div class=\"container\">\r\n    <div class=\"row\" id=\"menu_load\">\r\n      <div class=\"row\">\r\n        <div class=\"col-sm-12 hmenu\">\r\n          <h1>Menu of Georgian restaurant Rusiko<\/h1>\r\n        <\/div>\r\n        <p style=\"text-align: center;\"><i>Discover the <strong>flavors of Georgian cuisine<\/strong> and try the best\r\n          <strong>dishes of Georgia<\/strong>! In our <strong>restaurant in Warsaw<\/strong> you will taste real <strong>Georgian\r\n            food<\/strong>, traditional <strong>khachapuri<\/strong>, pelmeni, <strong>khinkali<\/strong> dumplings, as\r\n          well as aromatic drinks and wines.<\/i><\/p><br>\r\n      <\/div>\r\n      <div class=\"col-lg-3 col-md-4 col-sm-6 col-ms-6 col-xs-12 menu-rest\">\r\n        <div class=\"item-hover item-menu-style\">\r\n          <a href=\"http:\/\/rusiko.pl\/en\/menu\/appetizers\/\">\r\n            <div class=\"cuadro_intro_hover\">\r\n              <p style=\"text-align:center;\">\r\n                <img src=\"\/wp-content\/uploads\/2025\/02\/przystawki_new_img.jpg\" alt=\"\"\r\n                     class=\"img-responsive\">\r\n              <\/p>\r\n              <div class=\"caption\">\r\n                <div class=\"blur\"><\/div>\r\n                <div class=\"caption-text\">\r\n                  <h4>Appetizers<\/h4>\r\n                  <p>Blinchiki, Smoked eggplant paste, Prasi, Adjaruli, Lobio, &#8230;<\/p>\r\n                <\/div>\r\n              <\/div>\r\n            <\/div>\r\n          <\/a>\r\n        <\/div>\r\n      <\/div>\r\n      <div class=\"col-lg-3 col-md-4 col-sm-6 col-ms-6 col-xs-12 menu-rest\">\r\n        <div class=\"item-hover item-menu-style\">\r\n          <a href=\"http:\/\/rusiko.pl\/en\/menu\/soups\/\">\r\n            <div class=\"cuadro_intro_hover\">\r\n              <p style=\"text-align:center;\">\r\n                <img src=\"https:\/\/www.rusiko.pl\/wp-content\/uploads\/2023\/06\/MENU_ZUPY.jpg\" alt=\"\" class=\"img-responsive\">\r\n              <\/p>\r\n              <div class=\"caption\">\r\n                <div class=\"blur\"><\/div>\r\n                <div class=\"caption-text\">\r\n                  <h4>Soups<\/h4>\r\n                  <p>Lobio, Auntie Lali\u2019s Chakapuli, &#8230;<\/p>\r\n                <\/div>\r\n              <\/div>\r\n            <\/div>\r\n          <\/a>\r\n        <\/div>\r\n      <\/div>\r\n      <div class=\"col-lg-3 col-md-4 col-sm-6 col-ms-6 col-xs-12 menu-rest\">\r\n        <div class=\"item-hover item-menu-style\">\r\n          <a href=\"http:\/\/rusiko.pl\/en\/menu\/grill\/\">\r\n            <div class=\"cuadro_intro_hover\">\r\n              <p style=\"text-align:center;\">\r\n                <img src=\"https:\/\/www.rusiko.pl\/wp-content\/uploads\/2023\/06\/MENU_GRILL.jpg\" alt=\"\"\r\n                     class=\"img-responsive\">\r\n              <\/p>\r\n              <div class=\"caption\">\r\n                <div class=\"blur\"><\/div>\r\n                <div class=\"caption-text\">\r\n                  <h4>Grill<\/h4>\r\n                  <p>Ichvis mcvadi, Lula kebab, Mckeri, Bekeka, Bostneuli, &#8230;<\/p>\r\n                <\/div>\r\n              <\/div>\r\n            <\/div>\r\n          <\/a>\r\n        <\/div>\r\n      <\/div>\r\n      <div class=\"col-lg-3 col-md-4 col-sm-6 col-ms-6 col-xs-12 menu-rest\">\r\n        <div class=\"item-hover item-menu-style\">\r\n          <a href=\"http:\/\/rusiko.pl\/en\/menu\/main-dishes\/\">\r\n            <div class=\"cuadro_intro_hover\">\r\n              <p style=\"text-align:center;\">\r\n                <!--<img src=\"https:\/\/www.rusiko.pl\/wp-content\/uploads\/2023\/06\/MENU_DANIA-GLOWNE.jpg\" alt=\"\"\r\n                     class=\"img-responsive\">-->\r\n                    <img src=\"https:\/\/www.rusiko.pl\/wp-content\/uploads\/2023\/06\/DANIA-GLOWNE_KOFTA.jpg\" alt=\"\" class=\"img-responsive\">\r\n              <\/p>\r\n              <div class=\"caption\">\r\n                <div class=\"blur\"><\/div>\r\n                <div class=\"caption-text\">\r\n                  <h4>Main dishes<\/h4>\r\n                  <p>Khinkali with cheese, Tabaka, Soko, Kofta, Batkani, &#8230;<\/p>\r\n                <\/div>\r\n              <\/div>\r\n            <\/div>\r\n          <\/a>\r\n        <\/div>\r\n      <\/div>\r\n\r\n      <div class=\"col-lg-3 col-md-4 col-sm-6 col-ms-6 col-xs-12 menu-rest\">\r\n        <div class=\"item-hover item-menu-style\">\r\n          <a href=\"http:\/\/rusiko.pl\/en\/menu\/side-dishes\/\">\r\n            <div class=\"cuadro_intro_hover\">\r\n              <p style=\"text-align:center;\">\r\n                <img src=\"https:\/\/www.rusiko.pl\/wp-content\/uploads\/2023\/06\/MENU_DODATKI.jpg\" alt=\"\"\r\n                     class=\"img-responsive\">\r\n              <\/p>\r\n              <div class=\"caption\">\r\n                <div class=\"blur\"><\/div>\r\n                <div class=\"caption-text\">\r\n                  <h4>Side dishes<\/h4>\r\n                  <p>Georgian salad, Lavash, Sukhumi-style potatoes, Georgian salad, Puri, &#8230;<\/p>\r\n                <\/div>\r\n              <\/div>\r\n            <\/div>\r\n          <\/a>\r\n        <\/div>\r\n      <\/div>\r\n      \r\n      <div class=\"col-lg-3 col-md-4 col-sm-6 col-ms-6 col-xs-12 menu-rest\">\r\n        <div class=\"item-hover item-menu-style\">\r\n          <a href=\"http:\/\/rusiko.pl\/en\/menu\/desserts\/\">\r\n            <div class=\"cuadro_intro_hover\">\r\n              <p style=\"text-align:center;\">\r\n                <img src=\"http:\/\/rusiko.pl\/wp-content\/themes\/rusiko_theme\/old\/img\/prod\/medok.jpg\" alt=\"\"\r\n                     class=\"img-responsive\">\r\n              <\/p>\r\n              <div class=\"caption\">\r\n                <div class=\"blur\"><\/div>\r\n                <div class=\"caption-text\">\r\n                  <h4>Desserts<\/h4>\r\n                  <p>Medok, Mskhali, Dessert of the day, &#8230;<\/p>\r\n                <\/div>\r\n              <\/div>\r\n            <\/div>\r\n          <\/a>\r\n        <\/div>\r\n      <\/div>\r\n      <div class=\"col-lg-3 col-md-4 col-sm-6 col-ms-6 col-xs-12 menu-rest\">\r\n        <div class=\"item-hover item-menu-style\">\r\n          <a href=\"http:\/\/rusiko.pl\/en\/menu\/coffee-and-tea\/\">\r\n            <div class=\"cuadro_intro_hover\">\r\n              <p style=\"text-align:center;\">\r\n                <img src=\"http:\/\/rusiko.pl\/wp-content\/themes\/rusiko_theme\/old\/img\/prod\/kawa.jpg\" alt=\"\"\r\n                     class=\"img-responsive\">\r\n              <\/p>\r\n              <div class=\"caption\">\r\n                <div class=\"blur\"><\/div>\r\n                <div class=\"caption-text\">\r\n                  <h4>Coffee and Tea<\/h4>\r\n                  <p>Batumi tea, Djandjapili, Old Tyflis coffee, Green tea, Tea with Tikhari, &#8230;<\/p>\r\n                <\/div>\r\n              <\/div>\r\n            <\/div>\r\n          <\/a>\r\n        <\/div>\r\n      <\/div>\r\n      <div class=\"col-lg-3 col-md-4 col-sm-6 col-ms-6 col-xs-12 menu-rest\">\r\n        <div class=\"item-hover item-menu-style\">\r\n          <a href=\"http:\/\/rusiko.pl\/en\/menu\/beverages\/\">\r\n            <div class=\"cuadro_intro_hover\">\r\n              <p style=\"text-align:center;\">\r\n                <img src=\"http:\/\/rusiko.pl\/wp-content\/themes\/rusiko_theme\/old\/img\/prod\/lemoniada.jpg\" alt=\"\"\r\n                     class=\"img-responsive\">\r\n              <\/p>\r\n              <div class=\"caption\">\r\n                <div class=\"blur\"><\/div>\r\n                <div class=\"caption-text\">\r\n                  <h4>Beverages<\/h4>\r\n                  <p>Home-made lemonade, Fresh juice, Cold pressed juice MALUM, Water Krystaliczne \u0179r\u00f3d\u0142o, &#8230;<\/p>\r\n                <\/div>\r\n              <\/div>\r\n            <\/div>\r\n          <\/a>\r\n        <\/div>\r\n      <\/div>\r\n      \r\n      <div class=\"col-lg-3 col-md-4 col-sm-6 col-ms-6 col-xs-12 menu-rest\">\r\n        <div class=\"item-hover item-menu-style\">\r\n          <a href=\"http:\/\/rusiko.pl\/en\/menu\/dry-white-wines\/\">\r\n            <div class=\"cuadro_intro_hover\">\r\n              <p style=\"text-align:center;\">\r\n                <img src=\"http:\/\/rusiko.pl\/wp-content\/themes\/rusiko_theme\/old\/img\/prod\/dn_wina_b.jpg\" alt=\"\"\r\n                     class=\"img-responsive\">\r\n              <\/p>\r\n              <div class=\"caption\">\r\n                <div class=\"blur\"><\/div>\r\n                <div class=\"caption-text\">\r\n                  <h4>White wines<\/h4>\r\n                  <p>Tsinandali, Tvishi, Gemieri, Marani Qvevri Mtsvane, Telavuri, &#8230;<\/p>\r\n                <\/div>\r\n              <\/div>\r\n            <\/div>\r\n          <\/a>\r\n        <\/div>\r\n      <\/div>\r\n\r\n      \r\n      <!--\r\n            <div class=\"col-lg-3 col-md-4 col-sm-6 col-ms-6 col-xs-12 menu-rest\">\r\n      \r\n      <a name=\"Wines from our vineyard\"><\/a>\r\n              <div class=\"item-hover item-menu-style\">\r\n                <a href=\"http:\/\/rusiko.pl\/en\/menu\/davids-wine\/\">\r\n                  <div class=\"cuadro_intro_hover\">\r\n                    <p style=\"text-align:center;\">\r\n                      <img src=\"http:\/\/rusiko.pl\/wp-content\/uploads\/2020\/05\/wino_1.png\" alt=\"\" class=\"img-responsive\">\r\n                    <\/p>\r\n                    <div class=\"caption\" style=\"top: 165px;\">\r\n                      <div class=\"blur\"><\/div>\r\n                      <div class=\"caption-text\">\r\n                        <h4>Wines from our vineyard<\/h4>\r\n                        <p>O U R &nbsp;  F I R S T &nbsp; W I N E<\/p>\r\n                      <\/div>\r\n                    <\/div>\r\n                  <\/div>\r\n                <\/a>\r\n              <\/div>\r\n            <\/div> \r\n      -->\r\n      <div class=\"col-lg-3 col-md-4 col-sm-6 col-ms-6 col-xs-12 menu-rest\">\r\n        <div class=\"item-hover item-menu-style\">\r\n          <a href=\"\/en\/wines-rose\/\">\r\n            <div class=\"cuadro_intro_hover\">\r\n              <p style=\"text-align:center;\">\r\n                <img src=\"\/wp-content\/uploads\/2025\/02\/WINO_ROZOWE_miniatura_1402_2.jpg\" alt=\"Rusiko wines rose\"\r\n                     class=\"img-responsive\">\r\n              <\/p>\r\n              <div class=\"caption\">\r\n                <div class=\"blur\"><\/div>\r\n                <div class=\"caption-text\">\r\n                  <h4>Rose Wines<\/h4>\r\n                  <p>Rkatsiteli Rose &#8230;<\/p>\r\n                <\/div>\r\n              <\/div>\r\n            <\/div>\r\n          <\/a>\r\n        <\/div>\r\n      <\/div>\r\n      <div class=\"col-lg-3 col-md-4 col-sm-6 col-ms-6 col-xs-12 menu-rest\">\r\n        <div class=\"item-hover item-menu-style\">\r\n          <a href=\"http:\/\/rusiko.pl\/en\/menu\/dry-red-wines\/\">\r\n            <div class=\"cuadro_intro_hover\">\r\n              <p style=\"text-align:center;\">\r\n                <img src=\"http:\/\/rusiko.pl\/wp-content\/themes\/rusiko_theme\/old\/img\/prod\/dn_w_czerw.jpg\" alt=\"\"\r\n                     class=\"img-responsive\">\r\n              <\/p>\r\n              <div class=\"caption\">\r\n                <div class=\"blur\"><\/div>\r\n                <div class=\"caption-text\">\r\n                  <h4>Red wines<\/h4>\r\n                  <p>Qvevri Saperavi, Telavuri, Telavuri, &#8230;<\/p>\r\n                <\/div>\r\n              <\/div>\r\n            <\/div>\r\n          <\/a>\r\n        <\/div>\r\n      <\/div>\r\n      \r\n      <div class=\"col-lg-3 col-md-4 col-sm-6 col-ms-6 col-xs-12 menu-rest\">\r\n        <div class=\"item-hover item-menu-style\">\r\n          <a href=\"http:\/\/rusiko.pl\/en\/menu\/sparkling-wines\/\">\r\n            <div class=\"cuadro_intro_hover\">\r\n              <p style=\"text-align:center;\">\r\n                <img src=\"http:\/\/rusiko.pl\/wp-content\/themes\/rusiko_theme\/old\/img\/prod\/dn_w_mus.jpg\" alt=\"\"\r\n                     class=\"img-responsive\">\r\n              <\/p>\r\n              <div class=\"caption\">\r\n                <div class=\"blur\"><\/div>\r\n                <div class=\"caption-text\">\r\n                  <h4>Sparkling wines<\/h4>\r\n                  <p>Rose BRUT, White BRUT, Moet &amp; Chandon, &#8230;<\/p>\r\n                <\/div>\r\n              <\/div>\r\n            <\/div>\r\n          <\/a>\r\n        <\/div>\r\n      <\/div>\r\n\r\n      <!--\r\n            <div class=\"col-lg-3 col-md-4 col-sm-6 col-ms-6 col-xs-12 menu-rest\">\r\n              <div class=\"item-hover item-menu-style\">\r\n                <a href=\"http:\/\/rusiko.pl\/en\/menu\/fruit-brandies\/\">\r\n                  <div class=\"cuadro_intro_hover\">\r\n                    <p style=\"text-align:center;\">\r\n                      <img src=\"http:\/\/rusiko.pl\/wp-content\/themes\/rusiko_theme\/old\/img\/prod\/dn_w_dest.jpg\" alt=\"\" class=\"img-responsive\">\r\n                    <\/p>\r\n                    <div class=\"caption\">\r\n                      <div class=\"blur\"><\/div>\r\n                      <div class=\"caption-text\">\r\n                        <h4>Fruit brandies<\/h4>\r\n                        <p>Riravo PEAR, Riravo QUINCE, Riravo FEIJOA, Riravo FEIJOA, Riravo PLUM, ...<\/p>\r\n                      <\/div>\r\n                    <\/div>\r\n                  <\/div>\r\n                <\/a>\r\n              <\/div>\r\n            <\/div> -->\r\n      <div class=\"col-lg-3 col-md-4 col-sm-6 col-ms-6 col-xs-12 menu-rest\">\r\n        <div class=\"item-hover item-menu-style\">\r\n          <a href=\"http:\/\/rusiko.pl\/en\/menu\/whisky\/\">\r\n            <div class=\"cuadro_intro_hover\">\r\n              <p style=\"text-align:center;\">\r\n                <img src=\"http:\/\/rusiko.pl\/wp-content\/themes\/rusiko_theme\/old\/img\/prod\/jimsher1.jpg\" alt=\"\"\r\n                     class=\"img-responsive\">\r\n              <\/p>\r\n              <div class=\"caption\">\r\n                <div class=\"blur\"><\/div>\r\n                <div class=\"caption-text\">\r\n                  <h4>Whisky<\/h4>\r\n                  <p>Jimsher Whisky Brandy Cask, Jimsher Whisky Saperavi Cask, &#8230;<\/p>\r\n                <\/div>\r\n              <\/div>\r\n            <\/div>\r\n          <\/a>\r\n        <\/div>\r\n      <\/div>\r\n\r\n      <div class=\"col-lg-3 col-md-4 col-sm-6 col-ms-6 col-xs-12 menu-rest\">\r\n        <div class=\"item-hover item-menu-style\">\r\n          <a href=\"http:\/\/rusiko.pl\/en\/menu\/brandy\/\">\r\n            <div class=\"cuadro_intro_hover\">\r\n              <p style=\"text-align:center;\">\r\n                <img src=\"http:\/\/rusiko.pl\/wp-content\/themes\/rusiko_theme\/old\/img\/prod\/sarajishvili-xo.jpg\" alt=\"\"\r\n                     class=\"img-responsive\">\r\n              <\/p>\r\n              <div class=\"caption\">\r\n                <div class=\"blur\"><\/div>\r\n                <div class=\"caption-text\">\r\n                  <h4>Brandy<\/h4>\r\n                  <p>Tikhari, Sarajishvili, &#8230;<\/p>\r\n                <\/div>\r\n              <\/div>\r\n            <\/div>\r\n          <\/a>\r\n        <\/div>\r\n      <\/div>\r\n      <div class=\"col-lg-3 col-md-4 col-sm-6 col-ms-6 col-xs-12 menu-rest\">\r\n        <div class=\"item-hover item-menu-style\">\r\n          <a href=\"http:\/\/rusiko.pl\/en\/menu\/chacha\/\">\r\n            <div class=\"cuadro_intro_hover\">\r\n              <p style=\"text-align:center;\">\r\n                <img src=\"http:\/\/rusiko.pl\/wp-content\/themes\/rusiko_theme\/old\/img\/prod\/dn_w_chacha.jpg\" alt=\"\"\r\n                     class=\"img-responsive\">\r\n              <\/p>\r\n              <div class=\"caption\">\r\n                <div class=\"blur\"><\/div>\r\n                <div class=\"caption-text\">\r\n                  <h4>Chacha<\/h4>\r\n                  <p>Chacha Barrique, Chacha Saperavi, Chacha Mtsvane, Chacha Rkatsiteli, &#8230;<\/p>\r\n                <\/div>\r\n              <\/div>\r\n            <\/div>\r\n          <\/a>\r\n        <\/div>\r\n      <\/div>\r\n      <div class=\"col-lg-3 col-md-4 col-sm-6 col-ms-6 col-xs-12 menu-rest\">\r\n        <div class=\"item-hover item-menu-style\">\r\n          <a href=\"http:\/\/rusiko.pl\/en\/menu\/vodka\/\">\r\n            <div class=\"cuadro_intro_hover\">\r\n              <p style=\"text-align:center;\">\r\n                <!-- <img src=\"http:\/\/rusiko.pl\/wp-content\/themes\/rusiko_theme\/old\/img\/prod\/dn_vodka.jpg\" alt=\"\" class=\"img-responsive\">-->\r\n                <img src=\"https:\/\/www.rusiko.pl\/wp-content\/uploads\/2022\/11\/CHOPIN.jpg\" alt=\"\" class=\"img-responsive\">\r\n              <\/p>\r\n              <div class=\"caption\">\r\n                <div class=\"blur\"><\/div>\r\n                <div class=\"caption-text\">\r\n                  <h4>Vodka<\/h4>\r\n                  <p>J. A. Baczewski, J. A. Baczewski, &#8230;<\/p>\r\n                <\/div>\r\n              <\/div>\r\n            <\/div>\r\n          <\/a>\r\n        <\/div>\r\n      <\/div>\r\n      <div class=\"col-lg-3 col-md-4 col-sm-6 col-ms-6 col-xs-12 menu-rest\">\r\n        <div class=\"item-hover item-menu-style\">\r\n          <a href=\"http:\/\/rusiko.pl\/menu\/gin\/\">\r\n            <div class=\"cuadro_intro_hover\">\r\n              <p style=\"text-align:center;\">\r\n                <img src=\"https:\/\/www.rusiko.pl\/wp-content\/uploads\/2025\/12\/unnamed-scaled.jpg\" alt=\"\"\r\n                     class=\"img-responsive\">\r\n              <\/p>\r\n              <div class=\"caption\">\r\n                <div class=\"blur\"><\/div>\r\n                <div class=\"caption-text\">\r\n                  <h4>Gin<\/h4>\r\n                  <p>Gin Magdana, &#8230;<\/p>\r\n                <\/div>\r\n              <\/div>\r\n            <\/div>\r\n          <\/a>\r\n        <\/div>\r\n      <\/div>\r\n      <div class=\"col-lg-3 col-md-4 col-sm-6 col-ms-6 col-xs-12 menu-rest\">\r\n        <div class=\"item-hover item-menu-style\">\r\n          <a href=\"http:\/\/rusiko.pl\/en\/menu\/georgian-beers\/\">\r\n            <div class=\"cuadro_intro_hover\">\r\n              <p style=\"text-align:center;\">\r\n                <img src=\"https:\/\/www.rusiko.pl\/wp-content\/uploads\/2023\/06\/PIWA_PIWO-GRUZINSKIE-KAYAKI.jpg\" alt=\"\"\r\n                     class=\"img-responsive\">\r\n              <\/p>\r\n              <div class=\"caption\">\r\n                <div class=\"blur\"><\/div>\r\n                <div class=\"caption-text\">\r\n                  <h4>Beers<\/h4>\r\n                  <p>Beer Kayaki, &#8230;<\/p>\r\n                <\/div>\r\n              <\/div>\r\n            <\/div>\r\n          <\/a>\r\n        <\/div>\r\n      <\/div>\r\n      \r\n\r\n      <div class=\"col-lg-3 col-md-4 col-sm-6 col-ms-6 col-xs-12 menu-rest\">\r\n        <div class=\"item-hover item-menu-style\">\r\n          <a href=\"http:\/\/rusiko.pl\/en\/menu\/georgian-beverages\/\">\r\n            <div class=\"cuadro_intro_hover\">\r\n              <p style=\"text-align:center;\">\r\n                <img src=\"http:\/\/rusiko.pl\/wp-content\/themes\/rusiko_theme\/old\/img\/prod\/or_gruszkowa.png\" alt=\"\"\r\n                     class=\"img-responsive\">\r\n              <\/p>\r\n              <div class=\"caption\">\r\n                <div class=\"blur\"><\/div>\r\n                <div class=\"caption-text\">\r\n                  <h4>Georgian beverages<\/h4>\r\n                  <p>Grapes soda, Tarragon soda, Sparkling water Borjomi, Pear soda, &#8230;<\/p>\r\n                <\/div>\r\n              <\/div>\r\n            <\/div>\r\n          <\/a>\r\n        <\/div>\r\n      <\/div>\r\n\r\n\r\n    <\/div>\r\n  <\/div>\r\n<\/section>","protected":false},"excerpt":{"rendered":"<p>Menu of Georgian restaurant Rusiko Discover the flavors of Georgian cuisine and try the best dishes of Georgia! In our restaurant in Warsaw you will taste real Georgian food, traditional khachapuri, pelmeni, khinkali dumplings, as well as aromatic drinks and wines. Appetizers Blinchiki, Smoked eggplant paste, Prasi, Adjaruli, Lobio, &#8230; Soups Lobio, Auntie Lali\u2019s Chakapuli,&nbsp; <a href=\"https:\/\/www.rusiko.pl\/en\/menu\/\">&hellip; Read more <i class=\"fa fa-arrow-right\"><\/i><\/a><\/p>\n","protected":false},"author":1,"featured_media":0,"parent":0,"menu_order":0,"comment_status":"closed","ping_status":"closed","template":"menu.php","meta":[],"yoast_head":"<!-- This site is optimized with the Yoast SEO plugin v19.8 - https:\/\/yoast.com\/wordpress\/plugins\/seo\/ -->\n<title>Rusiko \u2013 Menu<\/title>\n<meta name=\"description\" content=\"Rusiko Menu: Georgian meals, appetizers, soups, desserts, wines, brandy\" \/>\n<meta name=\"robots\" content=\"index, follow, max-snippet:-1, max-image-preview:large, max-video-preview:-1\" \/>\n<link rel=\"canonical\" href=\"https:\/\/www.rusiko.pl\/en\/menu\/\" \/>\n<meta property=\"og:locale\" content=\"en_US\" \/>\n<meta property=\"og:type\" content=\"article\" \/>\n<meta property=\"og:title\" content=\"Rusiko \u2013 Menu\" \/>\n<meta property=\"og:description\" content=\"Rusiko Menu: Georgian meals, appetizers, soups, desserts, wines, brandy\" \/>\n<meta property=\"og:url\" content=\"https:\/\/www.rusiko.pl\/en\/menu\/\" \/>\n<meta property=\"og:site_name\" content=\"Rusiko\" \/>\n<meta property=\"article:modified_time\" content=\"2026-01-08T10:17:46+00:00\" \/>\n<meta property=\"og:image\" content=\"https:\/\/www.rusiko.pl\/wp-content\/uploads\/2023\/06\/MENU_ZUPY.jpg\" \/>\n<meta name=\"twitter:card\" content=\"summary_large_image\" \/>\n<meta name=\"twitter:label1\" content=\"Est. reading time\" \/>\n\t<meta name=\"twitter:data1\" content=\"6 minutes\" \/>\n<script type=\"application\/ld+json\" class=\"yoast-schema-graph\">{\"@context\":\"https:\/\/schema.org\",\"@graph\":[{\"@type\":\"WebPage\",\"@id\":\"https:\/\/www.rusiko.pl\/en\/menu\/\",\"url\":\"https:\/\/www.rusiko.pl\/en\/menu\/\",\"name\":\"Rusiko \u2013 Menu\",\"isPartOf\":{\"@id\":\"https:\/\/www.rusiko.pl\/#website\"},\"datePublished\":\"2020-03-11T17:45:04+00:00\",\"dateModified\":\"2026-01-08T10:17:46+00:00\",\"description\":\"Rusiko Menu: Georgian meals, appetizers, soups, desserts, wines, brandy\",\"breadcrumb\":{\"@id\":\"https:\/\/www.rusiko.pl\/en\/menu\/#breadcrumb\"},\"inLanguage\":\"en-US\",\"potentialAction\":[{\"@type\":\"ReadAction\",\"target\":[\"https:\/\/www.rusiko.pl\/en\/menu\/\"]}]},{\"@type\":\"BreadcrumbList\",\"@id\":\"https:\/\/www.rusiko.pl\/en\/menu\/#breadcrumb\",\"itemListElement\":[{\"@type\":\"ListItem\",\"position\":1,\"name\":\"Strona g\u0142\u00f3wna\",\"item\":\"https:\/\/www.rusiko.pl\/en\/\"},{\"@type\":\"ListItem\",\"position\":2,\"name\":\"Menu\"}]},{\"@type\":\"WebSite\",\"@id\":\"https:\/\/www.rusiko.pl\/#website\",\"url\":\"https:\/\/www.rusiko.pl\/\",\"name\":\"Rusiko\",\"description\":\"Rusiko - restauracja, gruzi\u0144ska kuchnia, wino i r\u0119cznie tkane dywany. Warszawa, ul. Wierzbowa 11\",\"potentialAction\":[{\"@type\":\"SearchAction\",\"target\":{\"@type\":\"EntryPoint\",\"urlTemplate\":\"https:\/\/www.rusiko.pl\/?s={search_term_string}\"},\"query-input\":\"required name=search_term_string\"}],\"inLanguage\":\"en-US\"}]}<\/script>\n<!-- \/ Yoast SEO plugin. -->","yoast_head_json":{"title":"Rusiko \u2013 Menu","description":"Rusiko Menu: Georgian meals, appetizers, soups, desserts, wines, brandy","robots":{"index":"index","follow":"follow","max-snippet":"max-snippet:-1","max-image-preview":"max-image-preview:large","max-video-preview":"max-video-preview:-1"},"canonical":"https:\/\/www.rusiko.pl\/en\/menu\/","og_locale":"en_US","og_type":"article","og_title":"Rusiko \u2013 Menu","og_description":"Rusiko Menu: Georgian meals, appetizers, soups, desserts, wines, brandy","og_url":"https:\/\/www.rusiko.pl\/en\/menu\/","og_site_name":"Rusiko","article_modified_time":"2026-01-08T10:17:46+00:00","og_image":[{"url":"https:\/\/www.rusiko.pl\/wp-content\/uploads\/2023\/06\/MENU_ZUPY.jpg"}],"twitter_card":"summary_large_image","twitter_misc":{"Est. reading time":"6 minutes"},"schema":{"@context":"https:\/\/schema.org","@graph":[{"@type":"WebPage","@id":"https:\/\/www.rusiko.pl\/en\/menu\/","url":"https:\/\/www.rusiko.pl\/en\/menu\/","name":"Rusiko \u2013 Menu","isPartOf":{"@id":"https:\/\/www.rusiko.pl\/#website"},"datePublished":"2020-03-11T17:45:04+00:00","dateModified":"2026-01-08T10:17:46+00:00","description":"Rusiko Menu: Georgian meals, appetizers, soups, desserts, wines, brandy","breadcrumb":{"@id":"https:\/\/www.rusiko.pl\/en\/menu\/#breadcrumb"},"inLanguage":"en-US","potentialAction":[{"@type":"ReadAction","target":["https:\/\/www.rusiko.pl\/en\/menu\/"]}]},{"@type":"BreadcrumbList","@id":"https:\/\/www.rusiko.pl\/en\/menu\/#breadcrumb","itemListElement":[{"@type":"ListItem","position":1,"name":"Strona g\u0142\u00f3wna","item":"https:\/\/www.rusiko.pl\/en\/"},{"@type":"ListItem","position":2,"name":"Menu"}]},{"@type":"WebSite","@id":"https:\/\/www.rusiko.pl\/#website","url":"https:\/\/www.rusiko.pl\/","name":"Rusiko","description":"Rusiko - restauracja, gruzi\u0144ska kuchnia, wino i r\u0119cznie tkane dywany. Warszawa, ul. Wierzbowa 11","potentialAction":[{"@type":"SearchAction","target":{"@type":"EntryPoint","urlTemplate":"https:\/\/www.rusiko.pl\/?s={search_term_string}"},"query-input":"required name=search_term_string"}],"inLanguage":"en-US"}]}},"_links":{"self":[{"href":"https:\/\/www.rusiko.pl\/en\/wp-json\/wp\/v2\/pages\/152"}],"collection":[{"href":"https:\/\/www.rusiko.pl\/en\/wp-json\/wp\/v2\/pages"}],"about":[{"href":"https:\/\/www.rusiko.pl\/en\/wp-json\/wp\/v2\/types\/page"}],"author":[{"embeddable":true,"href":"https:\/\/www.rusiko.pl\/en\/wp-json\/wp\/v2\/users\/1"}],"replies":[{"embeddable":true,"href":"https:\/\/www.rusiko.pl\/en\/wp-json\/wp\/v2\/comments?post=152"}],"version-history":[{"count":35,"href":"https:\/\/www.rusiko.pl\/en\/wp-json\/wp\/v2\/pages\/152\/revisions"}],"predecessor-version":[{"id":3034,"href":"https:\/\/www.rusiko.pl\/en\/wp-json\/wp\/v2\/pages\/152\/revisions\/3034"}],"wp:attachment":[{"href":"https:\/\/www.rusiko.pl\/en\/wp-json\/wp\/v2\/media?parent=152"}],"curies":[{"name":"wp","href":"https:\/\/api.w.org\/{rel}","templated":true}]}}